{"id":1322,"date":"2024-11-12T16:08:02","date_gmt":"2024-11-12T16:08:02","guid":{"rendered":"http:\/\/ravnnorway.com\/home\/"},"modified":"2025-10-20T21:03:44","modified_gmt":"2025-10-20T21:03:44","slug":"home","status":"publish","type":"page","link":"https:\/\/ravnnorway.com\/en\/","title":{"rendered":"Home"},"content":{"rendered":"<div class=\"wp-block-uagb-container uagb-block-494c42c4 alignfull uagb-is-root-container\"><div class=\"uagb-container-inner-blocks-wrap\"><\/div><\/div>\n\n\n\n<div class=\"wp-block-uagb-container uagb-block-5fcee4f8 alignfull uagb-is-root-container\"><div class=\"uagb-container-inner-blocks-wrap\">\n<div class=\"wp-block-uagb-advanced-heading uagb-block-2b5f3149\"><h2 class=\"uagb-heading-text\">The Raven Is My Messenger<\/h2><div class=\"uagb-separator\"><\/div><p class=\"uagb-desc-text\">Ravn is the name of my one-man business where I work as a travel consultant. I specialise in creating travel experiences that stimulate both the intellect and emotions in an enriching way.<br><br>I have experience working closely with clients to plan and execute successful trips. I am continually seeking new assignments and look forward to collaborating on the next memorable travel experience.<br><br>Examples of some of my tours can be found below. <\/p><\/div>\n\n\n\n<div class=\"wp-block-uagb-container uagb-block-4a8e1942\">\n<div class=\"wp-block-uagb-container uagb-block-c988f562\">\n<div class=\"wp-block-uagb-image alignleft uagb-block-a35d235b wp-block-uagb-image--layout-default wp-block-uagb-image--effect-static wp-block-uagb-image--align-left\"><figure class=\"wp-block-uagb-image__figure\"><img decoding=\"async\" srcset=\"https:\/\/ravnnorway.com\/wp-content\/uploads\/2025\/09\/pexels-benjaminfarren-23279639-scaled-e1737982641546-1024x604.jpg ,https:\/\/ravnnorway.com\/wp-content\/uploads\/2025\/09\/pexels-benjaminfarren-23279639-scaled-e1737982641546.jpg 780w, https:\/\/ravnnorway.com\/wp-content\/uploads\/2025\/09\/pexels-benjaminfarren-23279639-scaled-e1737982641546.jpg 360w\" sizes=\"auto, (max-width: 480px) 150px\" src=\"https:\/\/ravnnorway.com\/wp-content\/uploads\/2025\/09\/pexels-benjaminfarren-23279639-scaled-e1737982641546-1024x604.jpg\" alt=\"\" class=\"uag-image-4790\" width=\"373\" height=\"373\" title=\"\" loading=\"lazy\" role=\"img\"\/><\/figure><\/div>\n\n\n\n<div class=\"wp-block-uagb-advanced-heading uagb-block-b07219d5\"><h3 class=\"uagb-heading-text\">Arag\u00f3n \u2013 total eclipse<\/h3><p class=\"uagb-desc-text\">Experience a total solar eclipse in Northern Spain. Combine nature's greatest spectacle with high mountain panoramas in the Pyrenees and a deep dive into the region's rich history and culture.<\/p><\/div>\n\n\n\n<div class=\"wp-block-uagb-buttons uagb-buttons__outer-wrap uagb-btn__default-btn uagb-btn-tablet__default-btn uagb-btn-mobile__default-btn uagb-block-f904c846\"><div class=\"uagb-buttons__wrap uagb-buttons-layout-wrap\">\n<div class=\"wp-block-uagb-buttons-child uagb-buttons__outer-wrap uagb-block-34de149e wp-block-button\"><div class=\"uagb-button__wrapper\"><a class=\"uagb-buttons-repeater wp-block-button__link\" aria-label=\"\" href=\"https:\/\/ravnnorway.com\/en\/solar-eclipse\/\" rel=\"follow noopener\" target=\"_self\" role=\"button\"><div class=\"uagb-button__link\">Read more<\/div><\/a><\/div><\/div>\n<\/div><\/div>\n<\/div>\n\n\n\n<div class=\"wp-block-uagb-container uagb-block-0ad6ff4e\">\n<figure class=\"wp-block-image size-full is-resized has-custom-border\"><img loading=\"lazy\" decoding=\"async\" width=\"983\" height=\"983\" src=\"https:\/\/ravnnorway.com\/wp-content\/uploads\/2025\/10\/Blenheim-1x1-2.png\" alt=\"\" class=\"wp-image-4939\" style=\"border-style:none;border-width:0px;border-radius:0px;object-fit:cover;width:373px;height:373px\" srcset=\"https:\/\/ravnnorway.com\/wp-content\/uploads\/2025\/10\/Blenheim-1x1-2.png 983w, https:\/\/ravnnorway.com\/wp-content\/uploads\/2025\/10\/Blenheim-1x1-2-300x300.png 300w, https:\/\/ravnnorway.com\/wp-content\/uploads\/2025\/10\/Blenheim-1x1-2-150x150.png 150w, https:\/\/ravnnorway.com\/wp-content\/uploads\/2025\/10\/Blenheim-1x1-2-768x768.png 768w, https:\/\/ravnnorway.com\/wp-content\/uploads\/2025\/10\/Blenheim-1x1-2-12x12.png 12w\" sizes=\"auto, (max-width: 983px) 100vw, 983px\" \/><\/figure>\n\n\n\n<div class=\"wp-block-uagb-advanced-heading uagb-block-3974de5a\"><h3 class=\"uagb-heading-text\">Garden and wine tour in Southern England<\/h3><p class=\"uagb-desc-text\">Green lungs serve as social meeting places, provide opportunities for recreation and lifelong learning. Join us in London, Blenheim &amp; Oxford, and Sussex in search of beautiful gardens.<\/p><\/div>\n\n\n\n<div class=\"wp-block-uagb-buttons uagb-buttons__outer-wrap uagb-btn__default-btn uagb-btn-tablet__default-btn uagb-btn-mobile__default-btn uagb-block-7adacf71\"><div class=\"uagb-buttons__wrap uagb-buttons-layout-wrap\">\n<div class=\"wp-block-uagb-buttons-child uagb-buttons__outer-wrap uagb-block-066d885f wp-block-button\"><div class=\"uagb-button__wrapper\"><a class=\"uagb-buttons-repeater wp-block-button__link\" aria-label=\"\" href=\"https:\/\/ravnnorway.com\/en\/tur-nummer-to\/\" rel=\"follow noopener\" target=\"_self\" role=\"button\"><div class=\"uagb-button__link\">Read more<\/div><\/a><\/div><\/div>\n<\/div><\/div>\n<\/div>\n\n\n\n<div class=\"wp-block-uagb-container uagb-block-48a31e6a\">\n<div class=\"wp-block-uagb-image alignleft uagb-block-2675d6b0 wp-block-uagb-image--layout-default wp-block-uagb-image--effect-static wp-block-uagb-image--align-left\"><figure class=\"wp-block-uagb-image__figure\"><img decoding=\"async\" srcset=\"https:\/\/ravnnorway.com\/wp-content\/uploads\/2025\/06\/20250607_150950-1024x472.jpg ,https:\/\/ravnnorway.com\/wp-content\/uploads\/2025\/06\/20250607_150950-scaled.jpg 780w, https:\/\/ravnnorway.com\/wp-content\/uploads\/2025\/06\/20250607_150950-scaled.jpg 360w\" sizes=\"auto, (max-width: 480px) 150px\" src=\"https:\/\/ravnnorway.com\/wp-content\/uploads\/2025\/06\/20250607_150950-1024x472.jpg\" alt=\"\" class=\"uag-image-4421\" width=\"373\" height=\"373\" title=\"20250607_150950\" loading=\"lazy\" role=\"img\"\/><\/figure><\/div>\n\n\n\n<div class=\"wp-block-uagb-advanced-heading uagb-block-8f982c10\"><h3 class=\"uagb-heading-text\">Hiking in Scotland <\/h3><p class=\"uagb-desc-text\">Would you like to experience hiking through landscapes where ancient clan legends once unfolded? Now you have the chance to encounter jaw-dropping nature, fascinating stories, and genuine Scottish hospitality.<\/p><\/div>\n\n\n\n<div class=\"wp-block-uagb-buttons uagb-buttons__outer-wrap uagb-btn__default-btn uagb-btn-tablet__default-btn uagb-btn-mobile__default-btn uagb-block-db8a9491\"><div class=\"uagb-buttons__wrap uagb-buttons-layout-wrap\">\n<div class=\"wp-block-uagb-buttons-child uagb-buttons__outer-wrap uagb-block-a6e8bd7e wp-block-button\"><div class=\"uagb-button__wrapper\"><a class=\"uagb-buttons-repeater wp-block-button__link\" aria-label=\"\" href=\"https:\/\/ravnnorway.com\/en\/fotturer-i-skottland\/\" rel=\"follow noopener\" target=\"_self\" role=\"button\"><div class=\"uagb-button__link\">Read more<\/div><\/a><\/div><\/div>\n<\/div><\/div>\n<\/div>\n<\/div>\n\n\n\n<div class=\"wp-block-uagb-container uagb-block-168f8ee2\"><\/div>\n<\/div><\/div>\n\n\n\n<div class=\"wp-block-uagb-container uagb-block-fb32e4bf alignfull uagb-is-root-container\"><div class=\"uagb-container-inner-blocks-wrap\">\n<div class=\"wp-block-uagb-image aligncenter uagb-block-052b1f4c wp-block-uagb-image--layout-default wp-block-uagb-image--effect-static wp-block-uagb-image--align-center\"><figure class=\"wp-block-uagb-image__figure\"><img decoding=\"async\" srcset=\"https:\/\/ravnnorway.com\/wp-content\/uploads\/2021\/11\/quotes.svg ,https:\/\/ravnnorway.com\/wp-content\/uploads\/2021\/11\/quotes.svg 780w, https:\/\/ravnnorway.com\/wp-content\/uploads\/2021\/11\/quotes.svg 360w\" sizes=\"auto, (max-width: 480px) 150px\" src=\"https:\/\/ravnnorway.com\/wp-content\/uploads\/2021\/11\/quotes.svg\" alt=\"\" class=\"uag-image-117\" width=\"37\" height=\"38\" title=\"quotes\" loading=\"lazy\" role=\"img\"\/><\/figure><\/div>\n\n\n\n<div class=\"wp-block-uagb-info-box uagb-block-54aaf525 uagb-infobox__content-wrap  uagb-infobox-icon-below-title uagb-infobox-image-valign-top\"><div class=\"uagb-ifb-content\"><div class=\"uagb-ifb-title-wrap\"><h4 class=\"uagb-ifb-title\">\u201cA total solar eclipse visible in Northern Spain on 12th August 2026 marks a spectacular beginning to an extraordinary travel adventure, transporting you back to the Middle Ages and the ancient Kingdom of Arag\u00f3n.  \u201d<\/h4><\/div><div class=\"uagb-ifb-image-content\"><img decoding=\"async\" src=\"https:\/\/ravnnorway.com\/wp-content\/uploads\/2025\/10\/Oddleiv-150x150.png\" alt=\"\" width=\"80\" height=\"80\" loading=\"lazy\"\/><\/div><p class=\"uagb-ifb-desc\">Oddleiv Skilbrei, editor &amp; writer, Astro Rapport, DSE<\/p><\/div><\/div>\n<\/div><\/div>\n\n\n\n<p><\/p>\n\n\n<div class=\"trp-block-container\"><div class=\"trp_language_switcher_shortcode\">\n<div class=\"trp-language-switcher trp-language-switcher-container\" data-no-translation>\n    <div class=\"trp-ls-shortcode-current-language\">\n        <a href=\"#\" class=\"trp-ls-shortcode-disabled-language trp-ls-disabled-language\" title=\"English\" onclick=\"event.preventDefault()\">\n\t\t\t<img loading=\"lazy\" decoding=\"async\" class=\"trp-flag-image\" src=\"https:\/\/ravnnorway.com\/wp-content\/plugins\/translatepress-multilingual\/assets\/images\/flags\/en_GB.png\" width=\"18\" height=\"12\" alt=\"en_GB\" title=\"English\"> \t\t<\/a>\n    <\/div>\n    <div class=\"trp-ls-shortcode-language\">\n                <a href=\"#\" class=\"trp-ls-shortcode-disabled-language trp-ls-disabled-language\"  title=\"English\" onclick=\"event.preventDefault()\">\n\t\t\t<img loading=\"lazy\" decoding=\"async\" class=\"trp-flag-image\" src=\"https:\/\/ravnnorway.com\/wp-content\/plugins\/translatepress-multilingual\/assets\/images\/flags\/en_GB.png\" width=\"18\" height=\"12\" alt=\"en_GB\" title=\"English\"> \t\t<\/a>\n                    <a href=\"https:\/\/ravnnorway.com\/en\/wp-json\/wp\/v2\/pages\/1322\" title=\"Norwegian\">\n            <img loading=\"lazy\" decoding=\"async\" class=\"trp-flag-image\" src=\"https:\/\/ravnnorway.com\/wp-content\/plugins\/translatepress-multilingual\/assets\/images\/flags\/nb_NO.png\" width=\"18\" height=\"12\" alt=\"nb_NO\" title=\"Norwegian\">         <\/a>\n\n        <\/div>\n    <script type=\"application\/javascript\">\n        \/\/ need to have the same with set from JS on both divs. Otherwise it can push stuff around in HTML\n        var trp_ls_shortcodes = document.querySelectorAll('.trp_language_switcher_shortcode .trp-language-switcher');\n        if ( trp_ls_shortcodes.length > 0) {\n            \/\/ get the last language switcher added\n            var trp_el = trp_ls_shortcodes[trp_ls_shortcodes.length - 1];\n\n            var trp_shortcode_language_item = trp_el.querySelector( '.trp-ls-shortcode-language' )\n            \/\/ set width\n            var trp_ls_shortcode_width                                               = trp_shortcode_language_item.offsetWidth + 16;\n            trp_shortcode_language_item.style.width                                  = trp_ls_shortcode_width + 'px';\n            trp_el.querySelector( '.trp-ls-shortcode-current-language' ).style.width = trp_ls_shortcode_width + 'px';\n\n            \/\/ We're putting this on display: none after we have its width.\n            trp_shortcode_language_item.style.display = 'none';\n        }\n    <\/script>\n<\/div>\n<\/div><\/div>\n\n\n<p><\/p>","protected":false},"excerpt":{"rendered":"<p>Ravnen er min budbringer Jeg har valgt Ravn som beskytter og budbringer for mitt enmannsforetak. Jeg jobber som turplanlegger og reisekonsulent. Jeg spesialiserer meg p\u00e5 \u00e5 lage reiser som beriker intellekt og f\u00f8lelser. Dette kan inkludere kulturelle turer, l\u00e6ringsopplevelser og spirituelle reiser. Jeg har erfaring fra \u00e5 jobbe tett med oppdragsgivere for \u00e5 planlegge og [&hellip;]<\/p>","protected":false},"author":1,"featured_media":0,"parent":0,"menu_order":0,"comment_status":"closed","ping_status":"closed","template":"","meta":{"_uag_custom_page_level_css":"","site-sidebar-layout":"no-sidebar","site-content-layout":"page-builder","ast-site-content-layout":"full-width-container","site-content-style":"unboxed","site-sidebar-style":"unboxed","ast-global-header-display":"","ast-banner-title-visibility":"","ast-main-header-display":"","ast-hfb-above-header-display":"","ast-hfb-below-header-display":"","ast-hfb-mobile-header-display":"","site-post-title":"disabled","ast-breadcrumbs-content":"","ast-featured-img":"disabled","footer-sml-layout":"","ast-disable-related-posts":"","theme-transparent-header-meta":"enabled","adv-header-id-meta":"","stick-header-meta":"","header-above-stick-meta":"","header-main-stick-meta":"","header-below-stick-meta":"","astra-migrate-meta-layouts":"set","ast-page-background-enabled":"default","ast-page-background-meta":{"desktop":{"background-color":"var(--ast-global-color-4)","background-image":"","background-repeat":"repeat","background-position":"center center","background-size":"auto","background-attachment":"scroll","background-type":"","background-media":"","overlay-type":"","overlay-color":"","overlay-opacity":"","overlay-gradient":""},"tablet":{"background-color":"","background-image":"","background-repeat":"repeat","background-position":"center center","background-size":"auto","background-attachment":"scroll","background-type":"","background-media":"","overlay-type":"","overlay-color":"","overlay-opacity":"","overlay-gradient":""},"mobile":{"background-color":"","background-image":"","background-repeat":"repeat","background-position":"center center","background-size":"auto","background-attachment":"scroll","background-type":"","background-media":"","overlay-type":"","overlay-color":"","overlay-opacity":"","overlay-gradient":""}},"ast-content-background-meta":{"desktop":{"background-color":"var(--ast-global-color-5)","background-image":"","background-repeat":"repeat","background-position":"center center","background-size":"auto","background-attachment":"scroll","background-type":"","background-media":"","overlay-type":"","overlay-color":"","overlay-opacity":"","overlay-gradient":""},"tablet":{"background-color":"var(--ast-global-color-5)","background-image":"","background-repeat":"repeat","background-position":"center center","background-size":"auto","background-attachment":"scroll","background-type":"","background-media":"","overlay-type":"","overlay-color":"","overlay-opacity":"","overlay-gradient":""},"mobile":{"background-color":"var(--ast-global-color-5)","background-image":"","background-repeat":"repeat","background-position":"center center","background-size":"auto","background-attachment":"scroll","background-type":"","background-media":"","overlay-type":"","overlay-color":"","overlay-opacity":"","overlay-gradient":""}},"footnotes":""},"class_list":["post-1322","page","type-page","status-publish","hentry"],"aioseo_notices":[],"uagb_featured_image_src":{"full":false,"thumbnail":false,"medium":false,"medium_large":false,"large":false,"1536x1536":false,"2048x2048":false,"trp-custom-language-flag":false},"uagb_author_info":{"display_name":"eirek@ftb.no","author_link":"https:\/\/ravnnorway.com\/en\/author\/eirekftb-no\/"},"uagb_comment_info":0,"uagb_excerpt":"Ravnen er min budbringer Jeg har valgt Ravn som beskytter og budbringer for mitt enmannsforetak. Jeg jobber som turplanlegger og reisekonsulent. Jeg spesialiserer meg p\u00e5 \u00e5 lage reiser som beriker intellekt og f\u00f8lelser. Dette kan inkludere kulturelle turer, l\u00e6ringsopplevelser og spirituelle reiser. Jeg har erfaring fra \u00e5 jobbe tett med oppdragsgivere for \u00e5 planlegge og&hellip;","_links":{"self":[{"href":"https:\/\/ravnnorway.com\/en\/wp-json\/wp\/v2\/pages\/1322","targetHints":{"allow":["GET"]}}],"collection":[{"href":"https:\/\/ravnnorway.com\/en\/wp-json\/wp\/v2\/pages"}],"about":[{"href":"https:\/\/ravnnorway.com\/en\/wp-json\/wp\/v2\/types\/page"}],"author":[{"embeddable":true,"href":"https:\/\/ravnnorway.com\/en\/wp-json\/wp\/v2\/users\/1"}],"replies":[{"embeddable":true,"href":"https:\/\/ravnnorway.com\/en\/wp-json\/wp\/v2\/comments?post=1322"}],"version-history":[{"count":91,"href":"https:\/\/ravnnorway.com\/en\/wp-json\/wp\/v2\/pages\/1322\/revisions"}],"predecessor-version":[{"id":5512,"href":"https:\/\/ravnnorway.com\/en\/wp-json\/wp\/v2\/pages\/1322\/revisions\/5512"}],"wp:attachment":[{"href":"https:\/\/ravnnorway.com\/en\/wp-json\/wp\/v2\/media?parent=1322"}],"curies":[{"name":"wp","href":"https:\/\/api.w.org\/{rel}","templated":true}]}}